{"id":575,"date":"2010-08-16T14:41:54","date_gmt":"2010-08-16T12:41:54","guid":{"rendered":"http:\/\/lebonheurdeshotes.fr\/WordPress\/?page_id=81"},"modified":"2017-10-03T18:35:31","modified_gmt":"2017-10-03T16:35:31","slug":"tarifsreservations","status":"publish","type":"page","link":"https:\/\/lebonheurdacote.fr\/index.php\/tarifsreservations\/","title":{"rendered":"Tarifs\/R\u00e9servations"},"content":{"rendered":"<p>Tarifs Semaine :<br \/>\n<b>Basse Saison :&nbsp;<\/b>800 euros<\/p>\n<p><strong>Moyenne Saison :&nbsp;<\/strong>1000 euros<\/p>\n<p><strong>Haute saison :&nbsp;&nbsp;<\/strong>1350 euros<\/p>\n<p>R\u00e9servez en ligne gr\u00e2ce au calendrier ci dessous.<br \/>\nCliquez sur chaque jour que vous souhaitez r\u00e9server, remplissez vos coordonn\u00e9es, le nombre de personnes.<br \/>\nPuis cliquez sur \u00ab\u00a0Envoyer\u00a0\u00bb.<\/p>\n<p>Un mail de confirmation vous sera alors envoy\u00e9.<br \/>\nPour les autres prestations : tables d&rsquo;h\u00f4tes, <em><a href=\"http:\/\/lebonheurdacote.fr\/index.php\/contact-2\/\">contactez-nous.<\/a><\/em><br \/>\n<em> par mail ou par t\u00e9l\u00e9phone.<\/em><\/p>\n<p><a href=\"http:\/\/lebonheurdacote.fr\/index.php\/tarifsreservations\/conditions-generales-de-vente\/\"><em>(Conditions g\u00e9n\u00e9rales de vente disponibles ici)<\/em><\/a><\/p>\n <div id=\"form_id401782349130\" class=\"wpdevelop\"><form  id=\"booking_form1\"   class=\"booking_form vertical\" method=\"post\" action=\"\"><div id=\"ajax_respond_insert1\" class=\"ajax_respond_insert\" style=\"display:none;\"><\/div><a name=\"bklnk1\" id=\"bklnk1\"><\/a><div id=\"booking_form_div1\" class=\"booking_form_div\"><div class=\"wpbc_booking_form_structure wpbc_vertical\">\n  <div class=\"wpbc_structure_calendar\">\n    <div class=\"bk_calendar_frame months_num_in_row_ cal_month_num_1 wpbc_timeslot_day_bg_as_available\" style=\"width:284px;\"><div id=\"calendar_booking1\">Chargement du calendrier...<\/div><\/div><textarea id=\"date_booking1\" name=\"date_booking1\" autocomplete=\"off\" style=\"display:none;\"><\/textarea>\n  <\/div>\n  <div class=\"wpbc_structure_form\">\n  <div class=\"form-group\">  <label for=\"name1\" class=\"control-label\">First Name*:<\/label>   <div class=\"controls\">   <input type=\"text\" name=\"name1\" id=\"name1\" class=\"input-xlarge wpdev-validates-as-required\" \/><\/div><\/div>  <div class=\"form-group\">  <label for=\"secondname1\" class=\"control-label\">Last Name*:<\/label>   <div class=\"controls\">   <input type=\"text\" name=\"secondname1\" id=\"secondname1\" class=\"input-xlarge wpdev-validates-as-required\" \/><\/div><\/div>  <div class=\"form-group\">  <label for=\"email1\" class=\"control-label\">Email*:<\/label>   <div class=\"controls\">   <input type=\"text\" name=\"email1\" id=\"email1\" class=\"input-xlarge wpdev-validates-as-email wpdev-validates-as-required wpdev-validates-as-required\" \/><\/div><\/div>  <div class=\"form-group\">  <label for=\"phone1\" class=\"control-label\">Phone:<\/label>   <div class=\"controls\">   <input type=\"text\" name=\"phone1\" id=\"phone1\" class=\"input-xlarge\" \/><\/div><\/div>  <div class=\"form-group\">  <label for=\"details1\" class=\"control-label\">Details:<\/label>   <div class=\"controls\">   <textarea  rows=\"3\" name=\"details1\" id=\"details1\" class=\"input-xlarge\" ><\/textarea><\/div><\/div><div class=\"form-group\"><input  autocomplete=\"off\" type=\"hidden\" name=\"wpdev_captcha_challenge_1\"  id=\"wpdev_captcha_challenge_1\" value=\"333842303\" \/><input  autocomplete=\"off\" type=\"text\" class=\"captachinput\" value=\"\" name=\"captcha_input1\" id=\"captcha_input1\" \/><img class=\"captcha_img\"  id=\"captcha_img1\" alt=\"captcha\" src=\"https:\/\/lebonheurdacote.fr\/wp-content\/plugins\/booking\/js\/captcha\/tmp\/333842303.png\" \/><span id=\"captcha_msg1\" class=\"wpdev-help-message\" ><\/span><\/div>\n<div class=\"form-group\"><button class=\"btn btn-default\" type=\"button\" onclick=\"mybooking_submit(this.form,1,'fr_FR');\" >Envoyer<\/button><\/div>\n  <\/div>\n<\/div>\n<div class=\"wpbc_booking_form_footer\"><\/div><input id=\"bk_type1\" name=\"bk_type1\" class=\"\" type=\"hidden\" value=\"1\" \/><\/div><div id=\"submiting1\"><\/div><div class=\"form_bk_messages\" id=\"form_bk_messages1\" ><\/div><input type=\"hidden\" id=\"wpbc_nonce1\" name=\"wpbc_nonce1\" value=\"6e7cfd20ee\" \/><input type=\"hidden\" name=\"_wp_http_referer\" value=\"\/index.php\/wp-json\/wp\/v2\/pages\/575\" \/><input type=\"hidden\" id=\"wpbc_nonceCALCULATE_THE_COST1\" name=\"wpbc_nonceCALCULATE_THE_COST1\" value=\"05f9e64334\" \/><input type=\"hidden\" name=\"_wp_http_referer\" value=\"\/index.php\/wp-json\/wp\/v2\/pages\/575\" \/><\/form><\/div><div id=\"booking_form_garbage1\" class=\"booking_form_garbage\"><\/div><script type=\"text\/javascript\">\n                                jQuery(document).ready( function(){\n                                    jQuery(\".widget_wpdev_booking .booking_form.form-horizontal\").removeClass(\"form-horizontal\");\n                                    var visible_booking_id_on_page_num = visible_booking_id_on_page.length;\n                                    if (visible_booking_id_on_page_num !== null ) {\n                                        for (var i=0;i< visible_booking_id_on_page_num ;i++){\n                                          if ( visible_booking_id_on_page[i]==\"booking_form_div1\" ) {\n                                              document.getElementById(\"form_id401782349130\").innerHTML = \"<span style='color:#A00;font-size:10px;'>Attention! Le calendrier des r\u00e9servations pour cette ressource est d\u00e9j\u00e0 sur la page, veuillez vous renseigner sur ce probl\u00e8me \u00e0 la cette page: https:\/\/wpbookingcalendar.com\/faq\/why-the-booking-calendar-widget-not-show-on-page\/<\/span>\";                                                                                                  \n                                              jQuery(\"#form_id401782349130\").animate( {opacity: 1}, 10000 ).fadeOut(5000);\n                                              return;\n                                          }\n                                        }\n                                        visible_booking_id_on_page[ visible_booking_id_on_page_num ]=\"booking_form_div1\";\n                                    }\n                                });\n                            <\/script> <script type='text\/javascript'>  jQuery(document).ready( function(){  date_admin_blank[1] = [];  date2approve[1] = []; if (typeof( date2approve[1][ '5-14-2026' ] ) == 'undefined'){  date2approve[1][ '5-14-2026' ] = [];}   date2approve[1][ '5-14-2026' ][  date2approve[1]['5-14-2026'].length  ] = [5, 14, 2026, 0, 0, 0]; if (typeof( date2approve[1][ '5-17-2026' ] ) == 'undefined'){  date2approve[1][ '5-17-2026' ] = [];}   date2approve[1][ '5-17-2026' ][  date2approve[1]['5-17-2026'].length  ] = [5, 17, 2026, 0, 0, 0]; if (typeof( date2approve[1][ '5-22-2026' ] ) == 'undefined'){  date2approve[1][ '5-22-2026' ] = [];}   date2approve[1][ '5-22-2026' ][  date2approve[1]['5-22-2026'].length  ] = [5, 22, 2026, 0, 0, 0]; if (typeof( date2approve[1][ '5-23-2026' ] ) == 'undefined'){  date2approve[1][ '5-23-2026' ] = [];}   date2approve[1][ '5-23-2026' ][  date2approve[1]['5-23-2026'].length  ] = [5, 23, 2026, 0, 0, 0]; if (typeof( date2approve[1][ '5-24-2026' ] ) == 'undefined'){  date2approve[1][ '5-24-2026' ] = [];}   date2approve[1][ '5-24-2026' ][  date2approve[1]['5-24-2026'].length  ] = [5, 24, 2026, 0, 0, 0]; if (typeof( date2approve[1][ '5-25-2026' ] ) == 'undefined'){  date2approve[1][ '5-25-2026' ] = [];}   date2approve[1][ '5-25-2026' ][  date2approve[1]['5-25-2026'].length  ] = [5, 25, 2026, 0, 0, 0]; if (typeof( date2approve[1][ '5-29-2026' ] ) == 'undefined'){  date2approve[1][ '5-29-2026' ] = [];}   date2approve[1][ '5-29-2026' ][  date2approve[1]['5-29-2026'].length  ] = [5, 29, 2026, 0, 0, 0]; if (typeof( date2approve[1][ '5-30-2026' ] ) == 'undefined'){  date2approve[1][ '5-30-2026' ] = [];}   date2approve[1][ '5-30-2026' ][  date2approve[1]['5-30-2026'].length  ] = [5, 30, 2026, 0, 0, 0]; if (typeof( date2approve[1][ '5-31-2026' ] ) == 'undefined'){  date2approve[1][ '5-31-2026' ] = [];}   date2approve[1][ '5-31-2026' ][  date2approve[1]['5-31-2026'].length  ] = [5, 31, 2026, 0, 0, 0]; if (typeof( date2approve[1][ '8-15-2026' ] ) == 'undefined'){  date2approve[1][ '8-15-2026' ] = [];}   date2approve[1][ '8-15-2026' ][  date2approve[1]['8-15-2026'].length  ] = [8, 15, 2026, 0, 0, 0];  var date_approved_par = [];  init_datepick_cal('1', date_approved_par, 1 , 0, false   );  }); <\/script>\n","protected":false},"excerpt":{"rendered":"<p>Tarifs Semaine : Basse Saison :&nbsp;800 euros Moyenne Saison :&nbsp;1000 euros Haute saison :&nbsp;&nbsp;1350 euros R\u00e9servez en ligne gr\u00e2ce au calendrier ci dessous. Cliquez sur chaque jour que vous souhaitez r\u00e9server, remplissez vos coordonn\u00e9es, le nombre de personnes. Puis cliquez sur \u00ab\u00a0Envoyer\u00a0\u00bb. Un mail de confirmation vous sera alors envoy\u00e9.<\/p>\n","protected":false},"author":1,"featured_media":0,"parent":0,"menu_order":6,"comment_status":"closed","ping_status":"closed","template":"","meta":{"ngg_post_thumbnail":0},"_links":{"self":[{"href":"https:\/\/lebonheurdacote.fr\/index.php\/wp-json\/wp\/v2\/pages\/575"}],"collection":[{"href":"https:\/\/lebonheurdacote.fr\/index.php\/wp-json\/wp\/v2\/pages"}],"about":[{"href":"https:\/\/lebonheurdacote.fr\/index.php\/wp-json\/wp\/v2\/types\/page"}],"author":[{"embeddable":true,"href":"https:\/\/lebonheurdacote.fr\/index.php\/wp-json\/wp\/v2\/users\/1"}],"replies":[{"embeddable":true,"href":"https:\/\/lebonheurdacote.fr\/index.php\/wp-json\/wp\/v2\/comments?post=575"}],"version-history":[{"count":3,"href":"https:\/\/lebonheurdacote.fr\/index.php\/wp-json\/wp\/v2\/pages\/575\/revisions"}],"predecessor-version":[{"id":630,"href":"https:\/\/lebonheurdacote.fr\/index.php\/wp-json\/wp\/v2\/pages\/575\/revisions\/630"}],"wp:attachment":[{"href":"https:\/\/lebonheurdacote.fr\/index.php\/wp-json\/wp\/v2\/media?parent=575"}],"curies":[{"name":"wp","href":"https:\/\/api.w.org\/{rel}","templated":true}]}}