{"id":570,"date":"2010-07-13T15:10:47","date_gmt":"2010-07-13T13:10:47","guid":{"rendered":"http:\/\/lebonheurdeshotes.fr\/WordPress\/?page_id=3"},"modified":"2017-10-03T01:27:19","modified_gmt":"2017-10-02T23:27:19","slug":"plan","status":"publish","type":"page","link":"https:\/\/lebonheurdacote.fr\/index.php\/plan\/","title":{"rendered":"Plan"},"content":{"rendered":"<p><strong>G\u00eete Le Bonheur d&rsquo;\u00e0 C\u00f4t\u00e9<\/strong><br \/>\n28 Route Nationale de Fleury<br \/>\n41500 SUEVRES<br \/>\n06 66 94 11 62<\/p>\n<p><iframe loading=\"lazy\" src=\"https:\/\/www.google.com\/maps\/embed?pb=!1m18!1m12!1m3!1d678.8082642156417!2d1.441240950154566!3d47.662110504404964!2m3!1f0!2f0!3f0!3m2!1i1024!2i768!4f13.1!3m3!1m2!1s0x47e4a46c1f6ffd8b%3A0xac9c1aef31d64be4!2s28+Route+Nationale+de+Fleury%2C+41500+Su%C3%A8vres%2C+France!5e0!3m2!1sfr!2sus!4v1506985021386\" width=\"600\" height=\"450\" frameborder=\"0\" style=\"border:0\" allowfullscreen><\/iframe><\/p>\n","protected":false},"excerpt":{"rendered":"<p>G\u00eete Le Bonheur d&rsquo;\u00e0 C\u00f4t\u00e9 28 Route Nationale de Fleury 41500 SUEVRES 06 66 94 11 62<\/p>\n","protected":false},"author":1,"featured_media":0,"parent":0,"menu_order":5,"comment_status":"closed","ping_status":"closed","template":"","meta":{"ngg_post_thumbnail":0},"_links":{"self":[{"href":"https:\/\/lebonheurdacote.fr\/index.php\/wp-json\/wp\/v2\/pages\/570"}],"collection":[{"href":"https:\/\/lebonheurdacote.fr\/index.php\/wp-json\/wp\/v2\/pages"}],"about":[{"href":"https:\/\/lebonheurdacote.fr\/index.php\/wp-json\/wp\/v2\/types\/page"}],"author":[{"embeddable":true,"href":"https:\/\/lebonheurdacote.fr\/index.php\/wp-json\/wp\/v2\/users\/1"}],"replies":[{"embeddable":true,"href":"https:\/\/lebonheurdacote.fr\/index.php\/wp-json\/wp\/v2\/comments?post=570"}],"version-history":[{"count":3,"href":"https:\/\/lebonheurdacote.fr\/index.php\/wp-json\/wp\/v2\/pages\/570\/revisions"}],"predecessor-version":[{"id":619,"href":"https:\/\/lebonheurdacote.fr\/index.php\/wp-json\/wp\/v2\/pages\/570\/revisions\/619"}],"wp:attachment":[{"href":"https:\/\/lebonheurdacote.fr\/index.php\/wp-json\/wp\/v2\/media?parent=570"}],"curies":[{"name":"wp","href":"https:\/\/api.w.org\/{rel}","templated":true}]}}