{"id":48,"date":"2017-09-28T21:31:38","date_gmt":"2017-09-28T19:31:38","guid":{"rendered":"http:\/\/lebonheurdacote.fr\/?page_id=48"},"modified":"2021-10-21T17:00:15","modified_gmt":"2021-10-21T15:00:15","slug":"services","status":"publish","type":"page","link":"https:\/\/lebonheurdacote.fr\/index.php\/services\/","title":{"rendered":"Services"},"content":{"rendered":"<h5>1- Les lits sont faits \u00e0 l\u2019arriv\u00e9e.<\/h5>\n<p>Location de linge de toilette&nbsp;: un maxi drap de bain, une serviette et un gant (8\u20ac)<\/p>\n<h5>2- Mat\u00e9riel b\u00e9b\u00e9 sur place&nbsp;: chaise haute<\/h5>\n<p>Lit parapluie avec matelas<\/p>\n<p>Matelas \u00e0 langer<\/p>\n<p>Pot et rehausseur<\/p>\n<p>Barri\u00e8re de s\u00e9curit\u00e9 pour l\u2019escalier<\/p>\n<h5>3- Commer\u00e7ants proches&nbsp;: Boulangerie \u00e0 1, 5km ( Su\u00e8vres)<\/h5>\n<p>Boulangerie \u00e0 4 km (M\u00e9nars)<\/p>\n<p>Super U \u00e0 4km avec Drive et traiteur<\/p>\n<p>Ferme de la Motte \u00e0 Talcy, l\u00e9gumes bio<\/p>\n<p>Le Croc du Merle pour les produits laitiers et le vin<\/p>\n<h5>4- Traiteur&nbsp;: Micka\u00ebl CHAUVIN \u00e0 Cour sur Loire<\/h5>\n<p>Service de restauration \u00e0 domicile au 02 54 42 55 95<\/p>\n<h5>5- Massages Shiatsu<\/h5>\n<p>R\u00e9servation au 06 66 94 11 62<\/p>\n","protected":false},"excerpt":{"rendered":"<p>1- Les lits sont faits \u00e0 l\u2019arriv\u00e9e. Location de linge de toilette&nbsp;: un maxi drap de bain, une serviette et un gant (8\u20ac) 2- Mat\u00e9riel b\u00e9b\u00e9 sur place&nbsp;: chaise haute Lit parapluie avec matelas Matelas \u00e0 langer Pot et rehausseur Barri\u00e8re de s\u00e9curit\u00e9 pour l\u2019escalier 3- Commer\u00e7ants proches&nbsp;: Boulangerie \u00e0<\/p>\n","protected":false},"author":1,"featured_media":0,"parent":0,"menu_order":0,"comment_status":"closed","ping_status":"closed","template":"","meta":{"ngg_post_thumbnail":0},"_links":{"self":[{"href":"https:\/\/lebonheurdacote.fr\/index.php\/wp-json\/wp\/v2\/pages\/48"}],"collection":[{"href":"https:\/\/lebonheurdacote.fr\/index.php\/wp-json\/wp\/v2\/pages"}],"about":[{"href":"https:\/\/lebonheurdacote.fr\/index.php\/wp-json\/wp\/v2\/types\/page"}],"author":[{"embeddable":true,"href":"https:\/\/lebonheurdacote.fr\/index.php\/wp-json\/wp\/v2\/users\/1"}],"replies":[{"embeddable":true,"href":"https:\/\/lebonheurdacote.fr\/index.php\/wp-json\/wp\/v2\/comments?post=48"}],"version-history":[{"count":10,"href":"https:\/\/lebonheurdacote.fr\/index.php\/wp-json\/wp\/v2\/pages\/48\/revisions"}],"predecessor-version":[{"id":735,"href":"https:\/\/lebonheurdacote.fr\/index.php\/wp-json\/wp\/v2\/pages\/48\/revisions\/735"}],"wp:attachment":[{"href":"https:\/\/lebonheurdacote.fr\/index.php\/wp-json\/wp\/v2\/media?parent=48"}],"curies":[{"name":"wp","href":"https:\/\/api.w.org\/{rel}","templated":true}]}}