{"id":47,"date":"2017-09-28T21:31:38","date_gmt":"2017-09-28T19:31:38","guid":{"rendered":"http:\/\/lebonheurdacote.fr\/?page_id=47"},"modified":"2021-10-21T16:57:30","modified_gmt":"2021-10-21T14:57:30","slug":"chambres","status":"publish","type":"page","link":"https:\/\/lebonheurdacote.fr\/index.php\/chambres\/","title":{"rendered":"Visite du g\u00eete"},"content":{"rendered":"<h4><strong>Chambre turquoise             \n\t\t<div class=\"ngg-gallery-singlepic-image ngg-right\" style=\"max-width: 180px\">\n\t\t\t    \t<a href=\"https:\/\/lebonheurdacote.fr\/wp-content\/gallery\/divers\/1608117597375.jpg\"\n\t\t     title=\"\"\n             data-src=\"https:\/\/lebonheurdacote.fr\/wp-content\/gallery\/divers\/1608117597375.jpg\"\n             data-thumbnail=\"https:\/\/lebonheurdacote.fr\/wp-content\/gallery\/divers\/thumbs\/thumbs_1608117597375.jpg\"\n             data-image-id=\"13\"\n             data-title=\"1608117597375\"\n             data-description=\"\"\n             target='_self'\n             class=\"ngg-fancybox\" rel=\"108d327b20be722c936c57cc588967fe\">\n            <img class=\"ngg-singlepic\"\n             src=\"https:\/\/lebonheurdacote.fr\/wp-content\/gallery\/divers\/cache\/1608117597375.jpg-nggid0213-ngg0dyn-320x240x100-00f0w010c010r110f110r010t010.jpg\"\n             alt=\"1608117597375\"\n             title=\"1608117597375\"\n              width=\"180\"               \/>\n    \t<\/a>\n\t\t      <\/div>\n        <\/strong><\/h4>\n<p>La chambre turquoise donne sur le verger, c\u00f4t\u00e9 piscine.<\/p>\n<p>C\u2019est une grande chambre (18 m\u00b2) avec dressing, et petit salon, pour 2 personnes et un b\u00e9b\u00e9.<\/p>\n<p>Situ\u00e9e en rez de chauss\u00e9e, elle b\u00e9n\u00e9ficie d\u2019une salle de bain avec douche \u00e0 l\u2019italienne et WC s\u00e9par\u00e9s.<\/p>\n<p>&nbsp;<\/p>\n<h4><strong>Le dortoir&nbsp;<\/strong><strong>            \n\t\t<div class=\"ngg-gallery-singlepic-image ngg-left\" style=\"max-width: 320px\">\n\t\t\t    \t<a href=\"https:\/\/lebonheurdacote.fr\/wp-content\/gallery\/divers\/Chambre-enfants1.JPG\"\n\t\t     title=\"\"\n             data-src=\"https:\/\/lebonheurdacote.fr\/wp-content\/gallery\/divers\/Chambre-enfants1.JPG\"\n             data-thumbnail=\"https:\/\/lebonheurdacote.fr\/wp-content\/gallery\/divers\/thumbs\/thumbs_Chambre-enfants1.JPG\"\n             data-image-id=\"15\"\n             data-title=\"Chambre-enfants1\"\n             data-description=\"\"\n             target='_self'\n             class=\"ngg-fancybox\" rel=\"b37e4f7f0e7dcc9b26920e62573a9ed2\">\n            <img class=\"ngg-singlepic\"\n             src=\"https:\/\/lebonheurdacote.fr\/wp-content\/gallery\/divers\/cache\/Chambre-enfants1.JPG-nggid0215-ngg0dyn-320x240x100-00f0w010c010r110f110r010t010.JPG\"\n             alt=\"Chambre-enfants1\"\n             title=\"Chambre-enfants1\"\n              width=\"320\"               \/>\n    \t<\/a>\n\t\t      <\/div>\n        <\/strong><\/h4>\n<p>Le lieu des meilleurs souvenirs, le Dortoir (22 m\u00b2) !<\/p>\n<p>C\u00f4t\u00e9 cour, \u00e0 l\u2019ombre des bouleaux, 5 lits simples, et un grand dressing pour ranger ses v\u00eatements et ses jeux&nbsp;!<\/p>\n<p>Christophe pr\u00eate son bureau d\u2019\u00e9cole, pour finir ses devoirs, ou son cahier de vacances\u2026<\/p>\n<p>A c\u00f4t\u00e9, du dortoir, une salle de bain avec douche, lavabo et WC.<\/p>\n<h4><strong>La chambre bleue &nbsp;<\/strong><strong>            \n\t\t<div class=\"ngg-gallery-singlepic-image ngg-right\" style=\"max-width: 180px\">\n\t\t\t    \t<a href=\"https:\/\/lebonheurdacote.fr\/wp-content\/gallery\/divers\/mon-tel-2403.jpg\"\n\t\t     title=\"\"\n             data-src=\"https:\/\/lebonheurdacote.fr\/wp-content\/gallery\/divers\/mon-tel-2403.jpg\"\n             data-thumbnail=\"https:\/\/lebonheurdacote.fr\/wp-content\/gallery\/divers\/thumbs\/thumbs_mon-tel-2403.jpg\"\n             data-image-id=\"2\"\n             data-title=\"mon-tel-2403\"\n             data-description=\"\"\n             target='_self'\n             class=\"ngg-fancybox\" rel=\"ea93965197192c927482aa8ccf00c022\">\n            <img class=\"ngg-singlepic\"\n             src=\"https:\/\/lebonheurdacote.fr\/wp-content\/gallery\/divers\/cache\/mon-tel-2403.jpg-nggid012-ngg0dyn-320x240x100-00f0w010c010r110f110r010t010.jpg\"\n             alt=\"mon-tel-2403\"\n             title=\"mon-tel-2403\"\n              width=\"180\"               \/>\n    \t<\/a>\n\t\t      <\/div>\n        <\/strong><\/h4>\n<p>La chambre bleue \u00e0 l\u2019\u00e9tage (15 m\u00b2), \u00e9clair\u00e9e par un velux, donne c\u00f4t\u00e9 verger.<\/p>\n<p>L\u2019\u00e9t\u00e9, on ouvre la fen\u00eatre, on se remet sous la couette, et on profite du chant des oiseaux\u2026<\/p>\n<p>Trop t\u00f4t pour se lever, c\u2019est les vacances&nbsp;!<\/p>\n<p>Dressing dans la chambre, lit double, avec possibilit\u00e9 de mettre un lit b\u00e9b\u00e9.<\/p>\n<h4><strong>Salle de bain&nbsp;<\/strong><strong>            \n\t\t<div class=\"ngg-gallery-singlepic-image ngg-right\" style=\"max-width: 180px\">\n\t\t\t    \t<a href=\"https:\/\/lebonheurdacote.fr\/wp-content\/gallery\/divers\/mon-tel-2405.jpg\"\n\t\t     title=\"\"\n             data-src=\"https:\/\/lebonheurdacote.fr\/wp-content\/gallery\/divers\/mon-tel-2405.jpg\"\n             data-thumbnail=\"https:\/\/lebonheurdacote.fr\/wp-content\/gallery\/divers\/thumbs\/thumbs_mon-tel-2405.jpg\"\n             data-image-id=\"5\"\n             data-title=\"mon-tel-2405\"\n             data-description=\"\"\n             target='_self'\n             class=\"ngg-fancybox\" rel=\"6612a0ec7e17f9861889ed1c9a63d0b3\">\n            <img class=\"ngg-singlepic\"\n             src=\"https:\/\/lebonheurdacote.fr\/wp-content\/gallery\/divers\/cache\/mon-tel-2405.jpg-nggid015-ngg0dyn-320x240x100-00f0w010c010r110f110r010t010.jpg\"\n             alt=\"mon-tel-2405\"\n             title=\"mon-tel-2405\"\n              width=\"180\"               \/>\n    \t<\/a>\n\t\t      <\/div>\n        <\/strong><\/h4>\n<p>Sur le palier, cette salle de bain est agr\u00e9ment\u00e9e d\u2019une douche XXL et grand lavabo fabriqu\u00e9 par Christophe avec une vieille porte.<\/p>\n<p>WC, et radiateur s\u00e8che serviettes.<\/p>\n<p>&nbsp;<\/p>\n<p>&nbsp;<\/p>\n<h4><strong>Chambre verte&nbsp;<\/strong><strong>            \n\t\t<div class=\"ngg-gallery-singlepic-image ngg-left\" style=\"max-width: 180px\">\n\t\t\t    \t<a href=\"https:\/\/lebonheurdacote.fr\/wp-content\/gallery\/divers\/mon-tel-2477.jpg\"\n\t\t     title=\"\"\n             data-src=\"https:\/\/lebonheurdacote.fr\/wp-content\/gallery\/divers\/mon-tel-2477.jpg\"\n             data-thumbnail=\"https:\/\/lebonheurdacote.fr\/wp-content\/gallery\/divers\/thumbs\/thumbs_mon-tel-2477.jpg\"\n             data-image-id=\"10\"\n             data-title=\"mon-tel-2477\"\n             data-description=\"\"\n             target='_self'\n             class=\"ngg-fancybox\" rel=\"c50c6d24fbcf116eddd59053505ceaea\">\n            <img class=\"ngg-singlepic\"\n             src=\"https:\/\/lebonheurdacote.fr\/wp-content\/gallery\/divers\/cache\/mon-tel-2477.jpg-nggid0210-ngg0dyn-320x240x100-00f0w010c010r110f110r010t010.jpg\"\n             alt=\"mon-tel-2477\"\n             title=\"mon-tel-2477\"\n              width=\"180\"               \/>\n    \t<\/a>\n\t\t      <\/div>\n        <\/strong><\/h4>\n<p>Cette chambre (17 m\u00b2), \u00e0 l\u2019\u00e9tage, c\u00f4t\u00e9 cour, est inspir\u00e9e des chalets de montagne.<\/p>\n<p>La t\u00eate de lit est faite maison, avec un vieux plancher r\u00e9cup\u00e9rer, et le lit est couvert d\u2019un \u00e9dredon en fausse fourrure, \u2026 pour nuits douillettes&nbsp;!<\/p>\n<p>Lit double avec possibilit\u00e9 de mettre un lit b\u00e9b\u00e9.<\/p>\n<p>Dressing dans la chambre et salle de bain et WC sur le palier.<\/p>\n<h4><strong>Chambre chemin\u00e9e&nbsp;<\/strong><strong>            \n\t\t<div class=\"ngg-gallery-singlepic-image ngg-right\" style=\"max-width: 180px\">\n\t\t\t    \t<a href=\"https:\/\/lebonheurdacote.fr\/wp-content\/gallery\/divers\/mon-tel-2406.jpg\"\n\t\t     title=\"\"\n             data-src=\"https:\/\/lebonheurdacote.fr\/wp-content\/gallery\/divers\/mon-tel-2406.jpg\"\n             data-thumbnail=\"https:\/\/lebonheurdacote.fr\/wp-content\/gallery\/divers\/thumbs\/thumbs_mon-tel-2406.jpg\"\n             data-image-id=\"8\"\n             data-title=\"mon-tel-2406\"\n             data-description=\"\"\n             target='_self'\n             class=\"ngg-fancybox\" rel=\"1729cce8710986e5becb396209c81d44\">\n            <img class=\"ngg-singlepic\"\n             src=\"https:\/\/lebonheurdacote.fr\/wp-content\/gallery\/divers\/cache\/mon-tel-2406.jpg-nggid018-ngg0dyn-320x240x100-00f0w010c010r110f110r010t010.jpg\"\n             alt=\"mon-tel-2406\"\n             title=\"mon-tel-2406\"\n              width=\"180\"               \/>\n    \t<\/a>\n\t\t      <\/div>\n        <\/strong><\/h4>\n<p>C\u00f4t\u00e9 cour, cette grande chambre (18 m\u00b2), avec un lit double peut accueillir un lit b\u00e9b\u00e9.<\/p>\n<p>Style scandinave, avec petite table en pin, le conduit de chemin\u00e9e en briquette sert de t\u00eate de lit.<\/p>\n<p>Petit dressing dans la chambre, et salle de bain attenante.<\/p>\n<h5>&nbsp;<\/h5>\n<h5><strong><em>La salle de bain&nbsp;<\/em><\/strong><\/h5>\n<p>avec douche \u00e0 l\u2019italienne XXL de style art d\u00e9co, avec sa fa\u00efence \u00ab&nbsp; m\u00e9tro&nbsp;\u00bb rappelle que nous ne sommes pas tr\u00e8s loin de Paris&nbsp;!<\/p>\n<h5><strong>            \n\t\t<div class=\"ngg-gallery-singlepic-image ngg-right\" style=\"max-width: 180px\">\n\t\t\t    \t<a href=\"https:\/\/lebonheurdacote.fr\/wp-content\/gallery\/divers\/mon-tel-2407.jpg\"\n\t\t     title=\"\"\n             data-src=\"https:\/\/lebonheurdacote.fr\/wp-content\/gallery\/divers\/mon-tel-2407.jpg\"\n             data-thumbnail=\"https:\/\/lebonheurdacote.fr\/wp-content\/gallery\/divers\/thumbs\/thumbs_mon-tel-2407.jpg\"\n             data-image-id=\"7\"\n             data-title=\"mon-tel-2407\"\n             data-description=\"\"\n             target='_self'\n             class=\"ngg-fancybox\" rel=\"0d362ff7c6a2a30ac3e14d1898037cd7\">\n            <img class=\"ngg-singlepic\"\n             src=\"https:\/\/lebonheurdacote.fr\/wp-content\/gallery\/divers\/cache\/mon-tel-2407.jpg-nggid017-ngg0dyn-320x240x100-00f0w010c010r110f110r010t010.jpg\"\n             alt=\"mon-tel-2407\"\n             title=\"mon-tel-2407\"\n              width=\"180\"               \/>\n    \t<\/a>\n\t\t      <\/div>\n        <\/strong><\/h5>\n<p>&nbsp;<\/p>\n<h5><strong><em>Chambre cabane&nbsp;<\/em><\/strong><strong>            \n\t\t<div class=\"ngg-gallery-singlepic-image ngg-right\" style=\"max-width: 180px\">\n\t\t\t    \t<a href=\"https:\/\/lebonheurdacote.fr\/wp-content\/gallery\/divers\/mon-tel-2408.jpg\"\n\t\t     title=\"\"\n             data-src=\"https:\/\/lebonheurdacote.fr\/wp-content\/gallery\/divers\/mon-tel-2408.jpg\"\n             data-thumbnail=\"https:\/\/lebonheurdacote.fr\/wp-content\/gallery\/divers\/thumbs\/thumbs_mon-tel-2408.jpg\"\n             data-image-id=\"9\"\n             data-title=\"mon-tel-2408\"\n             data-description=\"\"\n             target='_self'\n             class=\"ngg-fancybox\" rel=\"25d436a1df3d0a38f333653f36f45b17\">\n            <img class=\"ngg-singlepic\"\n             src=\"https:\/\/lebonheurdacote.fr\/wp-content\/gallery\/divers\/cache\/mon-tel-2408.jpg-nggid019-ngg0dyn-320x240x100-00f0w010c010r110f110r010t010.jpg\"\n             alt=\"mon-tel-2408\"\n             title=\"mon-tel-2408\"\n              width=\"180\"               \/>\n    \t<\/a>\n\t\t      <\/div>\n        <\/strong><\/h5>\n<p>Le rep\u00e8re des Pirates&nbsp;!<\/p>\n<p>C\u2019est une cabane fabriqu\u00e9e \u00e0 8 mains en pin, qui sent bon la montagne \u2026 merci Laurent et Claude !<\/p>\n<p>Assez grande pour accueillir un lit de 2 personnes, une fen\u00eatre donne sur le palier pour plus de clart\u00e9.<\/p>\n<h4><strong>Cuisine&nbsp;<\/strong><strong>            \n\t\t<div class=\"ngg-gallery-singlepic-image ngg-left\" style=\"max-width: 320px\">\n\t\t\t    \t<a href=\"https:\/\/lebonheurdacote.fr\/wp-content\/gallery\/divers\/P1020049.JPG\"\n\t\t     title=\"\"\n             data-src=\"https:\/\/lebonheurdacote.fr\/wp-content\/gallery\/divers\/P1020049.JPG\"\n             data-thumbnail=\"https:\/\/lebonheurdacote.fr\/wp-content\/gallery\/divers\/thumbs\/thumbs_P1020049.JPG\"\n             data-image-id=\"17\"\n             data-title=\"P1020049\"\n             data-description=\"\"\n             target='_self'\n             class=\"ngg-fancybox\" rel=\"ba3085d7cae24423e2637cebd19c64f1\">\n            <img class=\"ngg-singlepic\"\n             src=\"https:\/\/lebonheurdacote.fr\/wp-content\/gallery\/divers\/cache\/P1020049.JPG-nggid0217-ngg0dyn-320x240x100-00f0w010c010r110f110r010t010.JPG\"\n             alt=\"P1020049\"\n             title=\"P1020049\"\n              width=\"320\"               \/>\n    \t<\/a>\n\t\t      <\/div>\n        <\/strong><\/h4>\n<p>La cuisine avec sa chemin\u00e9e, r\u00e9gale de ses bonnes grillades.<\/p>\n<p>Jug\u00e9e un peu trop rustique, les \u00e9l\u00e9ments ont \u00e9t\u00e9 peints en blanc par Mady, la maman d\u2019Ang\u00e9line.<\/p>\n<p>La grande table de ferme rassemble de nombreux convives.<\/p>\n<p>Tout est pens\u00e9 pour les grandes tabl\u00e9es&nbsp;: four multifonction, feux gaz, r\u00e9frig\u00e9rateur, cong\u00e9lateur, robot, cafeti\u00e8re, \u2026<\/p>\n<h4><strong>Salon&nbsp;<\/strong><strong>            \n\t\t<div class=\"ngg-gallery-singlepic-image ngg-right\" style=\"max-width: 180px\">\n\t\t\t    \t<a href=\"https:\/\/lebonheurdacote.fr\/wp-content\/gallery\/divers\/mon-tel-2401.jpg\"\n\t\t     title=\"\"\n             data-src=\"https:\/\/lebonheurdacote.fr\/wp-content\/gallery\/divers\/mon-tel-2401.jpg\"\n             data-thumbnail=\"https:\/\/lebonheurdacote.fr\/wp-content\/gallery\/divers\/thumbs\/thumbs_mon-tel-2401.jpg\"\n             data-image-id=\"3\"\n             data-title=\"mon-tel-2401\"\n             data-description=\"\"\n             target='_self'\n             class=\"ngg-fancybox\" rel=\"1ba79eeb89825ce7e79e920691922a51\">\n            <img class=\"ngg-singlepic\"\n             src=\"https:\/\/lebonheurdacote.fr\/wp-content\/gallery\/divers\/cache\/mon-tel-2401.jpg-nggid013-ngg0dyn-320x240x100-00f0w010c010r110f110r010t010.jpg\"\n             alt=\"mon-tel-2401\"\n             title=\"mon-tel-2401\"\n              width=\"180\"               \/>\n    \t<\/a>\n\t\t      <\/div>\n        <\/strong><\/h4>\n<p>Pav\u00e9 de carreaux de ciment d\u2019origine, le salon accueille de longs ap\u00e9ritifs, ou lieu propice \u00e0 la sieste si le soleil es trop chaud.<\/p>\n<p>C\u2019est un lieu qui regorge de livres et de jeux de soci\u00e9t\u00e9.<\/p>\n<p>Souvenez-vous des parties de Uno, de Scrabble, \u2026et des nuits pass\u00e9es \u00e0 jouer au tarot&nbsp;!<\/p>\n","protected":false},"excerpt":{"rendered":"<p>Chambre turquoise La chambre turquoise donne sur le verger, c\u00f4t\u00e9 piscine. C\u2019est une grande chambre (18 m\u00b2) avec dressing, et petit salon, pour 2 personnes et un b\u00e9b\u00e9. Situ\u00e9e en rez de chauss\u00e9e, elle b\u00e9n\u00e9ficie d\u2019une salle de bain avec douche \u00e0 l\u2019italienne et WC s\u00e9par\u00e9s. &nbsp; Le dortoir&nbsp; Le<\/p>\n","protected":false},"author":1,"featured_media":0,"parent":0,"menu_order":0,"comment_status":"closed","ping_status":"closed","template":"","meta":{"ngg_post_thumbnail":0},"_links":{"self":[{"href":"https:\/\/lebonheurdacote.fr\/index.php\/wp-json\/wp\/v2\/pages\/47"}],"collection":[{"href":"https:\/\/lebonheurdacote.fr\/index.php\/wp-json\/wp\/v2\/pages"}],"about":[{"href":"https:\/\/lebonheurdacote.fr\/index.php\/wp-json\/wp\/v2\/types\/page"}],"author":[{"embeddable":true,"href":"https:\/\/lebonheurdacote.fr\/index.php\/wp-json\/wp\/v2\/users\/1"}],"replies":[{"embeddable":true,"href":"https:\/\/lebonheurdacote.fr\/index.php\/wp-json\/wp\/v2\/comments?post=47"}],"version-history":[{"count":11,"href":"https:\/\/lebonheurdacote.fr\/index.php\/wp-json\/wp\/v2\/pages\/47\/revisions"}],"predecessor-version":[{"id":733,"href":"https:\/\/lebonheurdacote.fr\/index.php\/wp-json\/wp\/v2\/pages\/47\/revisions\/733"}],"wp:attachment":[{"href":"https:\/\/lebonheurdacote.fr\/index.php\/wp-json\/wp\/v2\/media?parent=47"}],"curies":[{"name":"wp","href":"https:\/\/api.w.org\/{rel}","templated":true}]}}