{"id":255,"date":"2012-04-04T15:39:44","date_gmt":"2012-04-04T13:39:44","guid":{"rendered":"http:\/\/lebonheurdeshotes.fr\/WordPress\/?page_id=255"},"modified":"2017-10-03T18:31:00","modified_gmt":"2017-10-03T16:31:00","slug":"conditions-generales-de-vente","status":"publish","type":"page","link":"https:\/\/lebonheurdacote.fr\/index.php\/tarifsreservations\/conditions-generales-de-vente\/","title":{"rendered":"Conditions G\u00e9n\u00e9rales de Vente"},"content":{"rendered":"<p><span style=\"color: #000000;\"><strong>Conditions g\u00e9n\u00e9rales de vente d&rsquo;un s\u00e9jour au Bonheur d&rsquo;\u00e0 C\u00f4t\u00e9<\/strong><\/span><\/p>\n<p><strong>DUREE DU SEJOUR :<\/strong><br \/>\nLe client s&rsquo;engage pour une dur\u00e9e d\u00e9termin\u00e9e et ne pourra en aucune circonstance se pr\u00e9valoir d\u2019un quelconque droit au maintien dans les lieux, le mail de confirmation tenant lieu de contrat.<\/p>\n<p><strong>VALIDATION D&rsquo;UNE RESERVATION :<\/strong><br \/>\nLes s\u00e9jours sont garantis uniquement par la r\u00e9ception des arrhes et d\u00e9ductibles de la facture \u00e0 votre arriv\u00e9e. Les arrhes sont encaiss\u00e9es \u00e0 r\u00e9ception.<\/p>\n<p><strong>ARRHES DEMANDEES :<\/strong><br \/>\n&#8211; 50% du prix total du s\u00e9jour<br \/>\nSoit par ch\u00e8que (\u00e0 l&rsquo;ordre d&rsquo;Ang\u00e9line Mornay)<br \/>\nSoit par virement bancaire sans frais.<br \/>\nC&rsquo;est \u00e0 partir de l&rsquo;encaissement des arrhes que votre r\u00e9servation sera ferme. Le versement d&rsquo;arrhes implique l&rsquo;acceptation des pr\u00e9sentes conditions g\u00e9n\u00e9rales de vente du g\u00eete.<\/p>\n<p><strong>ANNULATION PAR LE CLIENT :<\/strong><br \/>\nToute annulation doit \u00eatre notifi\u00e9e par lettre recommand\u00e9e adress\u00e9e au propri\u00e9taire.<\/p>\n<p><strong>ANNULATION AVANT LE DEBUT DU SEJOUR :<\/strong><br \/>\n&#8211; Si l\u2019annulation intervient plus de 72H avant le d\u00e9but du s\u00e9jour, les arrhes restent acquises au propri\u00e9taire,<br \/>\n&#8211; Si l\u2019annulation intervient moins de 72H avant le d\u00e9but du s\u00e9jour, les arrhes restent acquises au propri\u00e9taire qui se r\u00e9serve le droit de r\u00e9clamer le solde du prix de l\u2019h\u00e9bergement,<br \/>\n&#8211; Si le client ne se manifeste pas avant 20heures le jour pr\u00e9vu de d\u00e9but du s\u00e9jour, le pr\u00e9sent contrat devient nul de plein droit et le propri\u00e9taire peut disposer de son g\u00eete. les arrhes restent acquises au propri\u00e9taire qui se r\u00e9serve le droit de r\u00e9clamer le solde du prix de l\u2019h\u00e9bergement,<br \/>\n&#8211; En cas de s\u00e9jour \u00e9court\u00e9, le prix correspondant au co\u00fbt de l\u2019h\u00e9bergement reste int\u00e9gralement acquis au propri\u00e9taire.<\/p>\n<p><strong>ANNULATION PAR LE PROPRIETAIRE :<\/strong><br \/>\nLorsqu\u2019avant le d\u00e9but du s\u00e9jour, le propri\u00e9taire annule le s\u00e9jour, il doit informer son client par mail ou \u00e0 d\u00e9faut par t\u00e9l\u00e9phone. Le client sans pr\u00e9juger des recours en r\u00e9paration des dommages \u00e9ventuellement subis, sera rembours\u00e9 imm\u00e9diatement des sommes d\u00e9j\u00e0 vers\u00e9es. Il recevra en outre une indemnit\u00e9 au moins \u00e9gale \u00e0 la p\u00e9nalit\u00e9 qu\u2019il aurait support\u00e9e si l\u2019annulation \u00e9tait intervenue de son fait \u00e0 cette date.<\/p>\n<p><strong>HEURE D&rsquo;ARRIVEE :<\/strong><br \/>\nLe client doit se pr\u00e9senter le jour pr\u00e9cis\u00e9 de la r\u00e9servation entre 18h et 20h. Pr\u00e9venir en cas d\u2019arriv\u00e9e apr\u00e8s 20 heures.<br \/>\nPour une arriv\u00e9e autre que dans les horaires fix\u00e9s ci dessus, le client devra avoir l&rsquo;accord du propri\u00e9taire (possibilit\u00e9 de d\u00e9p\u00f4t de bagages dans la journ\u00e9e par exemple).<\/p>\n<p><strong>HEURE DE DEPART :<\/strong><br \/>\nL&rsquo;heure de d\u00e9part du g\u00eete doit se faire avant 11h.<\/p>\n<p><strong>REGLEMENT DU SOLDE DE L&rsquo;HEBERGEMENT :<\/strong><br \/>\nLe solde du s\u00e9jour sera \u00e0 r\u00e9gler \u00e0 l\u2019arriv\u00e9e.<\/p>\n<p><strong>ANIMAUX \/CIGARETTE :<\/strong><br \/>\nLes animaux de compagnie ne sont pas accept\u00e9s.<br \/>\nTous nos b\u00e2timents sont r\u00e9glementairement non fumeurs.<\/p>\n<p><strong>Les pr\u00e9sentes conditions de vente sont modifiables \u00e0 tout moment sans pr\u00e9avis. L&rsquo;acceptation et le respect de ces conditions de vente sont r\u00e9put\u00e9s acquis d\u00e8s le versement des arrhes.<\/strong><\/p>\n","protected":false},"excerpt":{"rendered":"<p>Conditions g\u00e9n\u00e9rales de vente d&rsquo;un s\u00e9jour au Bonheur d&rsquo;\u00e0 C\u00f4t\u00e9 DUREE DU SEJOUR : Le client s&rsquo;engage pour une dur\u00e9e d\u00e9termin\u00e9e et ne pourra en aucune circonstance se pr\u00e9valoir d\u2019un quelconque droit au maintien dans les lieux, le mail de confirmation tenant lieu de contrat. VALIDATION D&rsquo;UNE RESERVATION : Les<\/p>\n","protected":false},"author":1,"featured_media":0,"parent":575,"menu_order":2,"comment_status":"closed","ping_status":"closed","template":"","meta":{"ngg_post_thumbnail":0},"_links":{"self":[{"href":"https:\/\/lebonheurdacote.fr\/index.php\/wp-json\/wp\/v2\/pages\/255"}],"collection":[{"href":"https:\/\/lebonheurdacote.fr\/index.php\/wp-json\/wp\/v2\/pages"}],"about":[{"href":"https:\/\/lebonheurdacote.fr\/index.php\/wp-json\/wp\/v2\/types\/page"}],"author":[{"embeddable":true,"href":"https:\/\/lebonheurdacote.fr\/index.php\/wp-json\/wp\/v2\/users\/1"}],"replies":[{"embeddable":true,"href":"https:\/\/lebonheurdacote.fr\/index.php\/wp-json\/wp\/v2\/comments?post=255"}],"version-history":[{"count":3,"href":"https:\/\/lebonheurdacote.fr\/index.php\/wp-json\/wp\/v2\/pages\/255\/revisions"}],"predecessor-version":[{"id":628,"href":"https:\/\/lebonheurdacote.fr\/index.php\/wp-json\/wp\/v2\/pages\/255\/revisions\/628"}],"up":[{"embeddable":true,"href":"https:\/\/lebonheurdacote.fr\/index.php\/wp-json\/wp\/v2\/pages\/575"}],"wp:attachment":[{"href":"https:\/\/lebonheurdacote.fr\/index.php\/wp-json\/wp\/v2\/media?parent=255"}],"curies":[{"name":"wp","href":"https:\/\/api.w.org\/{rel}","templated":true}]}}