{"id":122,"date":"2010-08-16T15:44:40","date_gmt":"2010-08-16T13:44:40","guid":{"rendered":"http:\/\/lebonheurdeshotes.fr\/WordPress\/?page_id=122"},"modified":"2018-12-11T20:02:15","modified_gmt":"2018-12-11T19:02:15","slug":"votre-avis","status":"publish","type":"page","link":"https:\/\/lebonheurdacote.fr\/index.php\/contact-2\/votre-avis\/","title":{"rendered":"Votre avis"},"content":{"rendered":"<p><iframe loading=\"lazy\" style=\"overflow: auto; -webkit-overflow-scrolling: touch; border: none;\" src=\"https:\/\/widget.itea.fr\/widget.php?key=1mp5vn86&amp;numGite=G1134&amp;widget-itea=avis\" width=\"100%\" height=\"500\"><\/iframe><\/p>\n<p><strong>Votre avis nous int\u00e9resse :<\/strong><\/p>\n<p>n&rsquo;h\u00e9sitez pas \u00e0 nous laisser vos commentaires ci-dessous. Apr\u00e8s mod\u00e9ration ils seront publi\u00e9s.<\/p>\n","protected":false},"excerpt":{"rendered":"<p>Votre avis nous int\u00e9resse : n&rsquo;h\u00e9sitez pas \u00e0 nous laisser vos commentaires ci-dessous. Apr\u00e8s mod\u00e9ration ils seront publi\u00e9s.<\/p>\n","protected":false},"author":1,"featured_media":0,"parent":87,"menu_order":81,"comment_status":"open","ping_status":"closed","template":"","meta":{"ngg_post_thumbnail":0},"_links":{"self":[{"href":"https:\/\/lebonheurdacote.fr\/index.php\/wp-json\/wp\/v2\/pages\/122"}],"collection":[{"href":"https:\/\/lebonheurdacote.fr\/index.php\/wp-json\/wp\/v2\/pages"}],"about":[{"href":"https:\/\/lebonheurdacote.fr\/index.php\/wp-json\/wp\/v2\/types\/page"}],"author":[{"embeddable":true,"href":"https:\/\/lebonheurdacote.fr\/index.php\/wp-json\/wp\/v2\/users\/1"}],"replies":[{"embeddable":true,"href":"https:\/\/lebonheurdacote.fr\/index.php\/wp-json\/wp\/v2\/comments?post=122"}],"version-history":[{"count":4,"href":"https:\/\/lebonheurdacote.fr\/index.php\/wp-json\/wp\/v2\/pages\/122\/revisions"}],"predecessor-version":[{"id":701,"href":"https:\/\/lebonheurdacote.fr\/index.php\/wp-json\/wp\/v2\/pages\/122\/revisions\/701"}],"up":[{"embeddable":true,"href":"https:\/\/lebonheurdacote.fr\/index.php\/wp-json\/wp\/v2\/pages\/87"}],"wp:attachment":[{"href":"https:\/\/lebonheurdacote.fr\/index.php\/wp-json\/wp\/v2\/media?parent=122"}],"curies":[{"name":"wp","href":"https:\/\/api.w.org\/{rel}","templated":true}]}}