{"id":110,"date":"2010-08-16T15:32:20","date_gmt":"2010-08-16T13:32:20","guid":{"rendered":"http:\/\/lebonheurdeshotes.fr\/WordPress\/?page_id=110"},"modified":"2010-08-16T15:32:20","modified_gmt":"2010-08-16T13:32:20","slug":"a-decouvrir","status":"publish","type":"page","link":"https:\/\/lebonheurdacote.fr\/index.php\/a-decouvrir\/","title":{"rendered":"A d\u00e9couvrir"},"content":{"rendered":"<div id=\"metaslider-id-513\" style=\"max-width: 500px; margin: 0 auto;\" class=\"ml-slider-3-23-4 metaslider metaslider-responsive metaslider-513 ml-slider\">\n    <div id=\"metaslider_container_513\">\n        <ul id='metaslider_513' class='rslides'>\n            <li><img src=\"https:\/\/lebonheurdacote.fr\/wp-content\/uploads\/2017\/05\/LaLoire-500x380.jpg\" height=\"380\" width=\"500\" alt=\"La Loire\" class=\"slider-513 slide-521\" title=\"La Loire\" \/><div class=\"caption-wrap\"><div class=\"caption\">La Loire<\/div><\/div><\/li>\n            <li style='display: none;'><img src=\"https:\/\/lebonheurdacote.fr\/wp-content\/uploads\/2017\/05\/La-Loire-500x380.jpg\" height=\"380\" width=\"500\" alt=\"Le bac de Cour sur Loire \" class=\"slider-513 slide-522\" title=\"Le bac de Cour sur Loire \" \/><div class=\"caption-wrap\"><div class=\"caption\">Le bac de Cour sur Loire <\/div><\/div><\/li>\n            <li style='display: none;'><img src=\"https:\/\/lebonheurdacote.fr\/wp-content\/uploads\/2017\/05\/Lavoir-de-Fleury-500x380.jpg\" height=\"380\" width=\"500\" alt=\"Le lavoir de Fleury\" class=\"slider-513 slide-523\" title=\"Le lavoir de Fleury\" \/><div class=\"caption-wrap\"><div class=\"caption\">Le lavoir de Fleury<\/div><\/div><\/li>\n            <li style='display: none;'><img src=\"https:\/\/lebonheurdacote.fr\/wp-content\/uploads\/2017\/05\/Loire-aux-jardins-de-chaumont-450x342.jpg\" height=\"380\" width=\"500\" alt=\"La Loire aux jardins de Chaumont\" class=\"slider-513 slide-524\" title=\"La Loire aux jardins de Chaumont\" \/><div class=\"caption-wrap\"><div class=\"caption\">La Loire aux jardins de Chaumont<\/div><\/div><\/li>\n            <li style='display: none;'><img src=\"https:\/\/lebonheurdacote.fr\/wp-content\/uploads\/2017\/05\/chambord-en-velo-500x380.jpg\" height=\"380\" width=\"500\" alt=\"Chambord \u00e0 v\u00e9lo\" class=\"slider-513 slide-525\" title=\"Chambord \u00e0 v\u00e9lo\" \/><div class=\"caption-wrap\"><div class=\"caption\">Chambord \u00e0 v\u00e9lo<\/div><\/div><\/li>\n            <li style='display: none;'><img src=\"https:\/\/lebonheurdacote.fr\/wp-content\/uploads\/2017\/05\/Jardins-de-Chaumont-500x380.jpg\" height=\"380\" width=\"500\" alt=\"Les jardins de Chaumont sur Loire\" class=\"slider-513 slide-526\" title=\"Les jardins de Chaumont sur Loire\" \/><div class=\"caption-wrap\"><div class=\"caption\">Les jardins de Chaumont sur Loire<\/div><\/div><\/li>\n            <li style='display: none;'><img src=\"https:\/\/lebonheurdacote.fr\/wp-content\/uploads\/2017\/05\/60_bacCour_sur_Loire-500x380.jpg\" height=\"380\" width=\"500\" alt=\"Le bac de Cour sur Loire \" class=\"slider-513 slide-527\" title=\"Le bac de Cour sur Loire \" \/><div class=\"caption-wrap\"><div class=\"caption\">Le bac de Cour sur Loire <\/div><\/div><\/li>\n        <\/ul>\n        \n    <\/div>\n<\/div>\n<table border=\"1\" width=\"70%\" cellspacing=\"4\" cellpadding=\"4\">\n<tbody>\n<tr valign=\"TOP\">\n<td bgcolor=\"#e6e6e6\" width=\"42%\"><strong>Randonn\u00e9es<\/strong><\/td>\n<td bgcolor=\"#e6e6e6\" width=\"42%\">GR<\/td>\n<td bgcolor=\"#e6e6e6\" width=\"16%\">&nbsp;<\/td>\n<\/tr>\n<tr valign=\"TOP\">\n<td bgcolor=\"#e6e6e6\" width=\"42%\">&nbsp;<\/td>\n<td bgcolor=\"#e6e6e6\" width=\"42%\">La Loire \u00e0 v\u00e9lo<\/td>\n<td bgcolor=\"#e6e6e6\" width=\"16%\">&nbsp;<\/td>\n<\/tr>\n<tr valign=\"TOP\">\n<td bgcolor=\"#e6e6e6\" width=\"42%\">&nbsp;<\/td>\n<td bgcolor=\"#e6e6e6\" width=\"42%\">St Jacques de Compostelle<\/td>\n<td bgcolor=\"#e6e6e6\" width=\"16%\">&nbsp;<\/td>\n<\/tr>\n<tr valign=\"TOP\">\n<td bgcolor=\"#e6e6e6\" width=\"42%\">&nbsp;<\/td>\n<td bgcolor=\"#e6e6e6\" width=\"42%\">La route du bl\u00e9<\/td>\n<td bgcolor=\"#e6e6e6\" width=\"16%\">&nbsp;<\/td>\n<\/tr>\n<tr valign=\"TOP\">\n<td bgcolor=\"#e6e6e6\" width=\"42%\" height=\"6\"><strong>Sport<\/strong><\/td>\n<td bgcolor=\"#e6e6e6\" width=\"42%\">Karting<\/td>\n<td bgcolor=\"#e6e6e6\" width=\"16%\">6 km<\/td>\n<\/tr>\n<tr valign=\"TOP\">\n<td bgcolor=\"#e6e6e6\" width=\"42%\">&nbsp;<\/td>\n<td bgcolor=\"#e6e6e6\" width=\"42%\">Tennis<\/td>\n<td bgcolor=\"#e6e6e6\" width=\"16%\">1 km<\/td>\n<\/tr>\n<tr valign=\"TOP\">\n<td bgcolor=\"#e6e6e6\" width=\"42%\">&nbsp;<\/td>\n<td bgcolor=\"#e6e6e6\" width=\"42%\">Piscine<\/td>\n<td bgcolor=\"#e6e6e6\" width=\"16%\">4 km<\/td>\n<\/tr>\n<tr valign=\"TOP\">\n<td bgcolor=\"#e6e6e6\" width=\"42%\" height=\"24\">&nbsp;<\/td>\n<td bgcolor=\"#e6e6e6\" width=\"42%\">Golf<\/td>\n<td bgcolor=\"#e6e6e6\" width=\"16%\">18 km<\/td>\n<\/tr>\n<tr valign=\"TOP\">\n<td bgcolor=\"#e6e6e6\" width=\"42%\"><strong>Ch\u00e2teaux de la Loire<\/strong><\/td>\n<td bgcolor=\"#e6e6e6\" width=\"42%\">Chambord<\/td>\n<td bgcolor=\"#e6e6e6\" width=\"16%\">7 km<\/td>\n<\/tr>\n<tr valign=\"TOP\">\n<td bgcolor=\"#e6e6e6\" width=\"42%\">&nbsp;<\/td>\n<td bgcolor=\"#e6e6e6\" width=\"42%\">Blois<\/td>\n<td bgcolor=\"#e6e6e6\" width=\"16%\">12 km<\/td>\n<\/tr>\n<tr valign=\"TOP\">\n<td bgcolor=\"#e6e6e6\" width=\"42%\">&nbsp;<\/td>\n<td bgcolor=\"#e6e6e6\" width=\"42%\">Talcy<\/td>\n<td bgcolor=\"#e6e6e6\" width=\"16%\">12 km<\/td>\n<\/tr>\n<tr valign=\"TOP\">\n<td bgcolor=\"#e6e6e6\" width=\"42%\" height=\"22\">&nbsp;<\/td>\n<td bgcolor=\"#e6e6e6\" width=\"42%\">Chaumont sur Loire<\/td>\n<td bgcolor=\"#e6e6e6\" width=\"16%\">28 km<\/td>\n<\/tr>\n<tr valign=\"TOP\">\n<td bgcolor=\"#e6e6e6\" width=\"42%\"><strong>Autres lieux \u00e0 d\u00e9couvrir<\/strong><\/td>\n<td bgcolor=\"#e6e6e6\" width=\"42%\">Zoo de Beauval<\/td>\n<td bgcolor=\"#e6e6e6\" width=\"16%\">47 km<\/td>\n<\/tr>\n<tr valign=\"TOP\">\n<td bgcolor=\"#e6e6e6\" width=\"42%\">&nbsp;<\/td>\n<td bgcolor=\"#e6e6e6\" width=\"42%\">Visite du chai du Domaine du Croc du Merle<\/td>\n<td bgcolor=\"#e6e6e6\" width=\"16%\">6 km<\/td>\n<\/tr>\n<\/tbody>\n<\/table>\n","protected":false},"excerpt":{"rendered":"<p>Randonn\u00e9es GR &nbsp; &nbsp; La Loire \u00e0 v\u00e9lo &nbsp; &nbsp; St Jacques de Compostelle &nbsp; &nbsp; La route du bl\u00e9 &nbsp; Sport Karting 6 km &nbsp; Tennis 1 km &nbsp; Piscine 4 km &nbsp; Golf 18 km Ch\u00e2teaux de la Loire Chambord 7 km &nbsp; Blois 12 km &nbsp; Talcy<\/p>\n","protected":false},"author":1,"featured_media":0,"parent":0,"menu_order":41,"comment_status":"closed","ping_status":"closed","template":"","meta":{"ngg_post_thumbnail":0},"_links":{"self":[{"href":"https:\/\/lebonheurdacote.fr\/index.php\/wp-json\/wp\/v2\/pages\/110"}],"collection":[{"href":"https:\/\/lebonheurdacote.fr\/index.php\/wp-json\/wp\/v2\/pages"}],"about":[{"href":"https:\/\/lebonheurdacote.fr\/index.php\/wp-json\/wp\/v2\/types\/page"}],"author":[{"embeddable":true,"href":"https:\/\/lebonheurdacote.fr\/index.php\/wp-json\/wp\/v2\/users\/1"}],"replies":[{"embeddable":true,"href":"https:\/\/lebonheurdacote.fr\/index.php\/wp-json\/wp\/v2\/comments?post=110"}],"version-history":[{"count":0,"href":"https:\/\/lebonheurdacote.fr\/index.php\/wp-json\/wp\/v2\/pages\/110\/revisions"}],"wp:attachment":[{"href":"https:\/\/lebonheurdacote.fr\/index.php\/wp-json\/wp\/v2\/media?parent=110"}],"curies":[{"name":"wp","href":"https:\/\/api.w.org\/{rel}","templated":true}]}}