{"id":107,"date":"2010-08-16T15:00:18","date_gmt":"2010-08-16T13:00:18","guid":{"rendered":"http:\/\/lebonheurdeshotes.fr\/WordPress\/?page_id=107"},"modified":"2021-10-21T19:26:51","modified_gmt":"2021-10-21T17:26:51","slug":"activites-2","status":"publish","type":"page","link":"https:\/\/lebonheurdacote.fr\/index.php\/activites-2\/","title":{"rendered":"Activit\u00e9s"},"content":{"rendered":"<p><strong>1- Sur place&nbsp;:<\/strong><\/p>\n<h4><strong>            \n\t\t<div class=\"ngg-gallery-singlepic-image ngg-right\" style=\"max-width: 180px\">\n\t\t\t    \t<a href=\"https:\/\/lebonheurdacote.fr\/wp-content\/gallery\/divers\/mon-tel-1482.jpg\"\n\t\t     title=\"\"\n             data-src=\"https:\/\/lebonheurdacote.fr\/wp-content\/gallery\/divers\/mon-tel-1482.jpg\"\n             data-thumbnail=\"https:\/\/lebonheurdacote.fr\/wp-content\/gallery\/divers\/thumbs\/thumbs_mon-tel-1482.jpg\"\n             data-image-id=\"11\"\n             data-title=\"mon-tel-1482\"\n             data-description=\"\"\n             target='_self'\n             class=\"ngg-fancybox\" rel=\"d1bbba4b6ce20246860e054b19841279\">\n            <img class=\"ngg-singlepic\"\n             src=\"https:\/\/lebonheurdacote.fr\/wp-content\/gallery\/divers\/cache\/mon-tel-1482.jpg-nggid0211-ngg0dyn-320x240x100-00f0w010c010r110f110r010t010.jpg\"\n             alt=\"mon-tel-1482\"\n             title=\"mon-tel-1482\"\n              width=\"180\"               \/>\n    \t<\/a>\n\t\t      <\/div>\n        <\/strong><\/h4>\n<ul>\n<li>Piscine chauff\u00e9e et s\u00e9curis\u00e9e (11 X 5m) de Mai \u00e0 Octobre<\/li>\n<li>Trampoline<\/li>\n<li>Balan\u00e7oires<\/li>\n<li>Molky, raquettes, p\u00e9tanque, \u2026<\/li>\n<\/ul>\n<p><strong>2- Autour du g\u00eete&nbsp;:<br \/>\n<\/strong>Pour les sportifs&nbsp;:<\/p>\n<ul>\n<li>Loire \u00e0 V\u00e9lo 500m<\/li>\n<li>Karting 4 km CAP KARTING <span style=\"color: #0563c1;\"><u><a href=\"http:\/\/www.capkarting.com\/\" target=\"_top\" rel=\"noopener\"><span lang=\"en-US\"><i>www.capkarting.com<\/i><\/span><\/a><\/u><\/span><\/li>\n<li>P\u00eache 1 km<\/li>\n<li>Voile 1 km<\/li>\n<li>Tennis 1km<\/li>\n<li>Cano\u00eb Kayak 10 km <span style=\"color: #0563c1;\"><u><a href=\"http:\/\/www.loirekayak.com\/\" target=\"_top\" rel=\"noopener\"><span style=\"font-family: Arial, sans-serif;\"><span style=\"font-size: medium;\"><span lang=\"en-US\"><i>www.loirekayak.com<br \/>\n<\/i><\/span><\/span><\/span><\/a><\/u><\/span><\/li>\n<li>Tir \u00e0 l\u2019arc, quads, ULM 20km <span style=\"color: #0563c1;\"><u><a href=\"http:\/\/www.loisirs-loirevalley.com\/\" target=\"_top\" rel=\"noopener\"><span style=\"font-family: Arial, sans-serif;\">www.loisirs-loirevalley.com<\/span><\/a><\/u><\/span><\/li>\n<\/ul>\n<p>Pour les curieux&nbsp;:<\/p>\n<h4><strong>            \n\t\t<div class=\"ngg-gallery-singlepic-image ngg-right\" style=\"max-width: 320px\">\n\t\t\t    \t<a href=\"https:\/\/lebonheurdacote.fr\/wp-content\/gallery\/divers\/IMG_0859.jpg\"\n\t\t     title=\"\"\n             data-src=\"https:\/\/lebonheurdacote.fr\/wp-content\/gallery\/divers\/IMG_0859.jpg\"\n             data-thumbnail=\"https:\/\/lebonheurdacote.fr\/wp-content\/gallery\/divers\/thumbs\/thumbs_IMG_0859.jpg\"\n             data-image-id=\"1\"\n             data-title=\"IMG_0859\"\n             data-description=\"\"\n             target='_self'\n             class=\"ngg-fancybox\" rel=\"822d3a0f9c9fa16a4bea9b7ddd358ff0\">\n            <img class=\"ngg-singlepic\"\n             src=\"https:\/\/lebonheurdacote.fr\/wp-content\/gallery\/divers\/cache\/IMG_0859.jpg-nggid011-ngg0dyn-320x240x100-00f0w010c010r110f110r010t010.jpg\"\n             alt=\"IMG_0859\"\n             title=\"IMG_0859\"\n              width=\"320\"               \/>\n    \t<\/a>\n\t\t      <\/div>\n        <\/strong><\/h4>\n<ul>\n<li>Ch\u00e2teau de Chambord 10 km<\/li>\n<li>Ch\u00e2teau de Blois 10 km<\/li>\n<li>Maison de la Magie 10 km<\/li>\n<li>Ch\u00e2teau de Talcy 15 km<\/li>\n<li>Ch\u00e2teau de Cheverny 24 km<\/li>\n<li>Ch\u00e2teau de Chaumont 30 km<\/li>\n<li>Clos Luc\u00e9 et ch\u00e2teau d\u2019Amboise 50km\u2026<\/li>\n<li>Et bien s\u00fbr Zooparc de Beauval 50 km, pour voir le b\u00e9b\u00e9 panda&nbsp;!<\/li>\n<\/ul>\n<h4><strong>            \n\t\t<div class=\"ngg-gallery-singlepic-image ngg-right\" style=\"max-width: 111px\">\n\t\t\t    \t<a href=\"https:\/\/lebonheurdacote.fr\/wp-content\/gallery\/divers\/1634836535886.jpg\"\n\t\t     title=\"\"\n             data-src=\"https:\/\/lebonheurdacote.fr\/wp-content\/gallery\/divers\/1634836535886.jpg\"\n             data-thumbnail=\"https:\/\/lebonheurdacote.fr\/wp-content\/gallery\/divers\/thumbs\/thumbs_1634836535886.jpg\"\n             data-image-id=\"19\"\n             data-title=\"1634836535886\"\n             data-description=\"\"\n             target='_self'\n             class=\"ngg-fancybox\" rel=\"89acb1015828fb05e7e7917d72cd3e82\">\n            <img class=\"ngg-singlepic\"\n             src=\"https:\/\/lebonheurdacote.fr\/wp-content\/gallery\/divers\/cache\/1634836535886.jpg-nggid0219-ngg0dyn-320x240x100-00f0w010c010r110f110r010t010.jpg\"\n             alt=\"1634836535886\"\n             title=\"1634836535886\"\n              width=\"111\"               \/>\n    \t<\/a>\n\t\t      <\/div>\n        <\/strong><\/h4>\n<p>Pour les amoureux des Jardins&nbsp;:<\/p>\n<ul>\n<li>Les jardins de Chaumont 30 km<\/li>\n<li>Les jardins de Roquelin 28 km<\/li>\n<li>Parc floral de la Source 52 km<\/li>\n<li>Ch\u00e9digny pour les amoureux des roses 80 km<\/li>\n<\/ul>\n<h4>&nbsp;<\/h4>\n<p>N\u2019h\u00e9sitez pas \u00e0 demander conseil \u00e0 Ang\u00e9line et Christophe, et aussi des tarifs r\u00e9duits&nbsp;!&#8230;<\/p>\n<p>Pour les f\u00eatards&nbsp;: Domaine de la Fouardi\u00e8re 7km (mariages, \u00e9v\u00e8nements, \u2026)<\/p>\n<p>Taxi Thauvin 02 54 81 08 67<\/p>\n","protected":false},"excerpt":{"rendered":"<p>1- Sur place&nbsp;: Piscine chauff\u00e9e et s\u00e9curis\u00e9e (11 X 5m) de Mai \u00e0 Octobre Trampoline Balan\u00e7oires Molky, raquettes, p\u00e9tanque, \u2026 2- Autour du g\u00eete&nbsp;: Pour les sportifs&nbsp;: Loire \u00e0 V\u00e9lo 500m Karting 4 km CAP KARTING www.capkarting.com P\u00eache 1 km Voile 1 km Tennis 1km Cano\u00eb Kayak 10 km www.loirekayak.com<\/p>\n","protected":false},"author":1,"featured_media":0,"parent":0,"menu_order":4,"comment_status":"closed","ping_status":"closed","template":"","meta":{"ngg_post_thumbnail":0},"_links":{"self":[{"href":"https:\/\/lebonheurdacote.fr\/index.php\/wp-json\/wp\/v2\/pages\/107"}],"collection":[{"href":"https:\/\/lebonheurdacote.fr\/index.php\/wp-json\/wp\/v2\/pages"}],"about":[{"href":"https:\/\/lebonheurdacote.fr\/index.php\/wp-json\/wp\/v2\/types\/page"}],"author":[{"embeddable":true,"href":"https:\/\/lebonheurdacote.fr\/index.php\/wp-json\/wp\/v2\/users\/1"}],"replies":[{"embeddable":true,"href":"https:\/\/lebonheurdacote.fr\/index.php\/wp-json\/wp\/v2\/comments?post=107"}],"version-history":[{"count":10,"href":"https:\/\/lebonheurdacote.fr\/index.php\/wp-json\/wp\/v2\/pages\/107\/revisions"}],"predecessor-version":[{"id":748,"href":"https:\/\/lebonheurdacote.fr\/index.php\/wp-json\/wp\/v2\/pages\/107\/revisions\/748"}],"wp:attachment":[{"href":"https:\/\/lebonheurdacote.fr\/index.php\/wp-json\/wp\/v2\/media?parent=107"}],"curies":[{"name":"wp","href":"https:\/\/api.w.org\/{rel}","templated":true}]}}